{"id":5062,"date":"2022-05-20T08:29:14","date_gmt":"2022-05-20T08:29:14","guid":{"rendered":"https:\/\/www.wiio.io\/politica-de-privacidad\/"},"modified":"2022-05-23T05:46:26","modified_gmt":"2022-05-23T05:46:26","slug":"politica-de-privacidad","status":"publish","type":"page","link":"https:\/\/www.wiio.io\/es\/politica-de-privacidad\/","title":{"rendered":"Pol\u00edtica de privacidad"},"content":{"rendered":"<div class=\"desp\">\n<h3><b>DECLARACI\u00d3N DE PRIVACIDAD<\/b><\/h3>\n<p><span style=\"font-weight: 400;\">Nos tomamos en serio su privacidad y esta declaraci\u00f3n de privacidad explica c\u00f3mo app.wiio.io (colectivamente, \u00abnosotros\u00bb, \u00abnos\u00bb o \u00abnuestro\u00bb) recopilan, usan, comparten y procesan su informaci\u00f3n.<\/span><\/p>\n<p><b>Recopilaci\u00f3n y uso de datos personales <\/b><\/p>\n<p><span style=\"font-weight: 400;\">Los datos personales son informaci\u00f3n que se puede utilizar para identificar directa o indirectamente. Los datos personales tambi\u00e9n incluyen datos an\u00f3nimos vinculados a informaci\u00f3n que se puede utilizar para identificarlo directa o indirectamente. Los datos personales no incluyen datos que hayan sido irreversiblemente anonimizados o agregados de una manera que ya no nos permita, ya sea en combinaci\u00f3n con otra informaci\u00f3n o de otra manera, identificarlos.<\/span><\/p>\n<p><b>Promoci\u00f3n de la seguridad y la protecci\u00f3n<\/b><\/p>\n<p><span style=\"font-weight: 400;\">Respetamos los principios de legalidad, legitimidad y transparencia, usamos y procesamos la cantidad m\u00ednima de datos dentro de un alcance limitado de prop\u00f3sito, y tomamos medidas t\u00e9cnicas y administrativas para proteger la seguridad de los datos. Utilizamos datos personales para ayudar a verificar las cuentas y actividades de los usuarios, as\u00ed como para promover la seguridad y la protecci\u00f3n mediante el monitoreo del fraude y la investigaci\u00f3n de actividades sospechosas o potencialmente ilegales y violaciones de nuestros t\u00e9rminos o pol\u00edticas. Este procesamiento se basa en nuestro inter\u00e9s leg\u00edtimo en ayudar a garantizar la seguridad de nuestros productos y servicios.<\/span><\/p>\n<p><span style=\"font-weight: 400;\">Aqu\u00ed hay una descripci\u00f3n de los tipos de datos personales que podemos recopilar y c\u00f3mo podemos usarlos:<\/span><\/p>\n<p><b>Qu\u00e9 datos personales recopilamos<\/b><\/p>\n<p><span style=\"font-weight: 400;\">Yo.. Datos que usted proporciona: <\/span><\/p>\n<p><span style=\"font-weight: 400;\">Recopilamos los datos personales que proporciona cuando utiliza nuestros productos y servicios o interact\u00faa con nosotros, como cuando crea una cuenta, se pone en contacto con nosotros, participa en una encuesta en l\u00ednea, utiliza nuestra ayuda en l\u00ednea o herramienta de chat en l\u00ednea. Si realiza una compra, recopilamos datos personales relacionados con la compra. Estos datos incluyen sus datos de pago, como su n\u00famero de tarjeta de cr\u00e9dito o d\u00e9bito y otra informaci\u00f3n de la tarjeta y otra informaci\u00f3n de cuenta y autenticaci\u00f3n, as\u00ed como la facturaci\u00f3n, el env\u00edo y los detalles de contacto.<\/span><\/p>\n<p><span style=\"font-weight: 400;\">Ii.. Datos sobre el uso de nuestros servicios y productos:<\/span><\/p>\n<p><span style=\"font-weight: 400;\">Cuando visita nuestro sitio web \/ aplicaci\u00f3n, podemos recopilar datos sobre el tipo de dispositivo que utiliza, el identificador \u00fanico de su dispositivo, la direcci\u00f3n IP de su dispositivo, su sistema operativo, el tipo de navegador de Internet que utiliza, informaci\u00f3n de uso, informaci\u00f3n de diagn\u00f3stico e informaci\u00f3n de ubicaci\u00f3n desde o sobre computadoras, tel\u00e9fonos u otros dispositivos en los que instale o acceda a nuestros productos o servicios. Cuando est\u00e9n disponibles, nuestros servicios pueden utilizar GPS, su direcci\u00f3n IP y otras tecnolog\u00edas para determinar la ubicaci\u00f3n aproximada de un dispositivo que nos permita mejorar nuestros productos y servicios.<\/span><\/p>\n<p><b>C\u00f3mo utilizamos sus datos personales<\/b><\/p>\n<p><span style=\"font-weight: 400;\">En general, utilizamos datos personales para proporcionar, mejorar y desarrollar nuestros productos y servicios, comunicarnos con usted, ofrecer anuncios y servicios espec\u00edficos, y protegernos a nosotros y a nuestros clientes.<\/span><\/p>\n<p><span style=\"font-weight: 400;\">Yo.. Proporcionar, mejorar y desarrollar nuestros productos y servicios:<\/span><\/p>\n<p><span style=\"font-weight: 400;\">Utilizamos datos personales para ayudarnos a proporcionar, mejorar y desarrollar nuestros productos, servicios y publicidad. Esto incluye el uso de datos personales para fines tales como an\u00e1lisis de datos, investigaci\u00f3n y auditor\u00edas. Este procesamiento se basa en nuestro inter\u00e9s leg\u00edtimo en ofrecerle productos y servicios y la continuidad del negocio. Si participa en un concurso u otra promoci\u00f3n, podemos utilizar los datos personales que nos proporcione para administrar estos programas. Algunas de estas actividades tienen reglas adicionales, que pueden contener m\u00e1s datos sobre c\u00f3mo usamos los datos personales, por lo que le recomendamos que lea estas reglas detenidamente antes de participar.<\/span><\/p>\n<p><span style=\"font-weight: 400;\">Ii.. Comunicaci\u00f3n con usted:<\/span><\/p>\n<p><span style=\"font-weight: 400;\">Sujeto a su consentimiento expreso previo, podemos usar datos personales para enviar comunicaciones de marketing con respecto a nuestros propios productos y servicios, comunicarnos con usted sobre su cuenta o transacciones, e informarle sobre nuestras pol\u00edticas y t\u00e9rminos. Si ya no desea recibir comunicaciones por correo electr\u00f3nico con fines de marketing, p\u00f3ngase en contacto con nosotros para cancelar. Tambi\u00e9n podemos utilizar sus datos para procesar y responder a sus solicitudes cuando se ponga en contacto con nosotros. Sujeto a su consentimiento expreso previo, podemos compartir sus datos personales con socios externos que pueden enviar comunicaciones de marketing relacionadas con sus productos y servicios. Sujeto a su consentimiento expreso previo, podemos usar datos personales para personalizar su experiencia con nuestros productos y servicios y en sitios web y aplicaciones de terceros y para determinar la efectividad de nuestras campa\u00f1as promocionales.<\/span><\/p>\n<p><span style=\"font-weight: 400;\">NOTA: Para cualquiera de los usos de sus datos descritos anteriormente que requieran su consentimiento expreso previo, tenga en cuenta que puede retirar su consentimiento poni\u00e9ndose en contacto con nosotros.<\/span><\/p>\n<p><b>Definici\u00f3n de \u00abCookies\u00bb<\/b><\/p>\n<p><span style=\"font-weight: 400;\">Las cookies son peque\u00f1os fragmentos de texto utilizados para almacenar informaci\u00f3n en los navegadores web. Las cookies se utilizan ampliamente para almacenar y recibir identificadores y otra informaci\u00f3n en computadoras, tel\u00e9fonos y otros dispositivos. Tambi\u00e9n utilizamos otras tecnolog\u00edas, incluidos los datos que almacenamos en su navegador o dispositivo, identificadores asociados con su dispositivo y otro software para fines similares. En esta Declaraci\u00f3n de cookies, nos referimos a todas estas tecnolog\u00edas como \u00abcookies\u00bb.<\/span><\/p>\n<p><b>Uso de cookies<\/b><\/p>\n<p><span style=\"font-weight: 400;\">Utilizamos cookies para proporcionar, proteger y mejorar nuestros productos y servicios, como personalizar el contenido, entregar y medir anuncios, comprender el comportamiento del usuario y proporcionar una experiencia m\u00e1s segura. Tenga en cuenta que las cookies espec\u00edficas que podemos utilizar var\u00edan seg\u00fan los sitios web y servicios espec\u00edficos que utilice.<\/span><\/p>\n<p><b>Divulgaci\u00f3n de datos personales<\/b><\/p>\n<p><span style=\"font-weight: 400;\">Proporcionamos ciertos datos personales a socios estrat\u00e9gicos que trabajan con nosotros para proporcionar nuestros productos y servicios o ayudarnos a comercializar a los clientes. Los datos personales solo ser\u00e1n compartidos por nosotros con estas empresas para proporcionar o mejorar nuestros productos, servicios y publicidad; no se compartir\u00e1 con terceros para sus propios fines de marketing sin su consentimiento expreso previo.<\/span><\/p>\n<p><b>Divulgaci\u00f3n o almacenamiento de datos, transferencia y procesamiento<\/b><\/p>\n<p><span style=\"font-weight: 400;\">Yo.. Cumplimiento de obligaciones legales:<\/span><\/p>\n<p><span style=\"font-weight: 400;\">Debido a las leyes obligatorias del Espacio Econ\u00f3mico Europeo o del pa\u00eds en el que reside, existen o han ocurrido ciertos actos legales y se deben cumplir ciertas obligaciones legales. Procesamiento de datos personales de residentes del EEE: como se describe a continuaci\u00f3n, si reside en el Espacio Econ\u00f3mico Europeo (EEE), nuestro procesamiento de sus datos personales estar\u00e1 legitimado: Siempre que solicitemos su consentimiento para el procesamiento de sus datos personales, dicho procesamiento estar\u00e1 justificado de conformidad con el Art\u00edculo 6 (1) del Reglamento General de Protecci\u00f3n de Datos (UE) (\u00abGDPR\u00bb).<\/span><\/p>\n<p><span style=\"font-weight: 400;\">Ii.. A los efectos de la aplicaci\u00f3n o aplicaci\u00f3n razonable del presente art\u00edculo:<\/span><\/p>\n<p><span style=\"font-weight: 400;\">Podemos compartir datos personales con todas nuestras empresas afiliadas. En el caso de una fusi\u00f3n, reorganizaci\u00f3n, adquisici\u00f3n, empresa conjunta, cesi\u00f3n, escisi\u00f3n, transferencia o venta o venta o enajenaci\u00f3n de todo o parte de nuestro negocio, incluso en relaci\u00f3n con cualquier quiebra o procedimiento similar, podemos transferir todos y cada uno de los datos personales al tercero correspondiente. Tambi\u00e9n podemos divulgar datos personales si creemos de buena fe que la divulgaci\u00f3n es razonablemente necesaria para proteger nuestros derechos y buscar los recursos disponibles, hacer cumplir nuestros t\u00e9rminos y condiciones, investigar el fraude o proteger nuestras operaciones o usuarios.<\/span><\/p>\n<p><span style=\"font-weight: 400;\">Iii.. Cumplimiento legal y seguridad o proteger otros derechos<\/span><\/p>\n<p><span style=\"font-weight: 400;\">Puede ser necesario, por ley, proceso legal, litigio y \/ o solicitudes de autoridades p\u00fablicas y gubernamentales dentro o fuera de su pa\u00eds de residencia, divulgar datos personales. Tambi\u00e9n podemos divulgar datos personales si determinamos que para fines de seguridad nacional, aplicaci\u00f3n de la ley u otros asuntos de importancia p\u00fablica, la divulgaci\u00f3n es necesaria o apropiada.<\/span><\/p>\n<p><b>Sus derechos<\/b><\/p>\n<p><span style=\"font-weight: 400;\">Tomamos medidas razonables para garantizar que sus datos personales sean precisos, completos y est\u00e9n actualizados. Tiene derecho a acceder, corregir o eliminar los datos personales que recopilamos. Tambi\u00e9n tiene derecho a restringir o en cualquier momento el procesamiento posterior de sus datos personales. Tiene derecho a recibir sus datos personales en un formato estructurado y est\u00e1ndar. Puede presentar una queja ante la autoridad de protecci\u00f3n de datos responsable del procesamiento de sus datos personales. Para proteger la privacidad y la seguridad de sus datos personales, podemos solicitarle datos para que nos permitan confirmar su identidad y derecho a acceder a dichos datos, as\u00ed como para buscar y proporcionarle los datos personales que mantenemos. Hay casos en los que las leyes aplicables o los requisitos reglamentarios nos permiten o requieren que nos neguemos a proporcionar o eliminar algunos o todos los datos personales que tenemos. Puede ponerse en contacto con nosotros para ejercer sus derechos. Responderemos a su solicitud en un plazo razonable y en cualquier caso en menos de 30 d\u00edas.<\/span><\/p>\n<p><b>Sitios y servicios de terceros<\/b><\/p>\n<p><span style=\"font-weight: 400;\">Cuando un cliente opera un enlace a un sitio web de terceros que tiene una relaci\u00f3n con nosotros, no asumimos ninguna obligaci\u00f3n o responsabilidad por dicha pol\u00edtica debido a la pol\u00edtica de privacidad del tercero. Nuestro sitio web, productos y servicios pueden contener enlaces o la capacidad de usted para acceder a sitios web, productos y servicios de terceros. No somos responsables de las pr\u00e1cticas de privacidad empleadas por estos terceros, ni somos responsables de la informaci\u00f3n o el contenido que contienen sus productos y servicios. Esta Declaraci\u00f3n de privacidad se aplica exclusivamente a los datos recopilados por nosotros a trav\u00e9s de nuestros productos y servicios. Le recomendamos que lea las pol\u00edticas de privacidad de terceros antes de continuar utilizando sus sitios web, productos o servicios.<\/span><\/p>\n<p><b>Seguridad, integridad y retenci\u00f3n de datos<\/b><\/p>\n<p><span style=\"font-weight: 400;\">Utilizamos medidas de seguridad t\u00e9cnicas, administrativas y f\u00edsicas razonables dise\u00f1adas para proteger y ayudar a prevenir el acceso no autorizado a sus datos y para utilizar adecuadamente los datos que recopilamos. Tendremos sus datos personales durante el tiempo que sea necesario para cumplir con los fines descritos en esta Declaraci\u00f3n de privacidad, a menos que la ley exija o permita un per\u00edodo de retenci\u00f3n m\u00e1s largo.<\/span><\/p>\n<p><b>Cambios a esta Declaraci\u00f3n de Privacidad<\/b><\/p>\n<p><span style=\"font-weight: 400;\">Podemos cambiar esta Declaraci\u00f3n de privacidad de vez en cuando para realizar un seguimiento de las nuevas tecnolog\u00edas, las pr\u00e1cticas de la industria y los requisitos reglamentarios, entre otras razones. Su uso continuado de nuestros productos y servicios despu\u00e9s de la fecha de vigencia de la Declaraci\u00f3n de privacidad significa que acepta la Declaraci\u00f3n de privacidad revisada. Si no est\u00e1 de acuerdo con la Declaraci\u00f3n de privacidad revisada, p\u00f3ngase en contacto con nosotros, evite usar nuestros productos o servicios y cont\u00e1ctenos para cerrar cualquier cuenta que haya creado.<\/span><\/p>\n<\/div>\n","protected":false},"excerpt":{"rendered":"<p>DECLARACI\u00d3N DE PRIVACIDAD Nos tomamos en serio su privacidad y esta declaraci\u00f3n de privacidad explica c\u00f3mo app.wiio.io (colectivamente, \u00abnosotros\u00bb, \u00abnos\u00bb o \u00abnuestro\u00bb) recopilan, usan, comparten y procesan su informaci\u00f3n. Recopilaci\u00f3n y uso de datos personales Los datos personales son informaci\u00f3n que se puede utilizar para identificar directa o indirectamente. Los datos personales tambi\u00e9n incluyen datos [&hellip;]<\/p>\n","protected":false},"author":1,"featured_media":0,"parent":0,"menu_order":0,"comment_status":"closed","ping_status":"closed","template":"page-templates\/privacy-policy.php","meta":{"inline_featured_image":false,"footnotes":""},"class_list":["post-5062","page","type-page","status-publish","hentry"],"acf":[],"yoast_head":"<!-- This site is optimized with the Yoast SEO plugin v21.6 - https:\/\/yoast.com\/wordpress\/plugins\/seo\/ -->\n<title>Pol\u00edtica de privacidad | Wiio Dropshipping<\/title>\n<meta name=\"robots\" content=\"index, follow, max-snippet:-1, max-image-preview:large, max-video-preview:-1\" \/>\n<link rel=\"canonical\" href=\"https:\/\/www.wiio.io\/es\/politica-de-privacidad\/\" \/>\n<meta property=\"og:locale\" content=\"es_ES\" \/>\n<meta property=\"og:type\" content=\"article\" \/>\n<meta property=\"og:title\" content=\"Pol\u00edtica de privacidad | Wiio Dropshipping\" \/>\n<meta property=\"og:description\" content=\"DECLARACI\u00d3N DE PRIVACIDAD Nos tomamos en serio su privacidad y esta declaraci\u00f3n de privacidad explica c\u00f3mo app.wiio.io (colectivamente, \u00abnosotros\u00bb, \u00abnos\u00bb o \u00abnuestro\u00bb) recopilan, usan, comparten y procesan su informaci\u00f3n. Recopilaci\u00f3n y uso de datos personales Los datos personales son informaci\u00f3n que se puede utilizar para identificar directa o indirectamente. Los datos personales tambi\u00e9n incluyen datos [&hellip;]\" \/>\n<meta property=\"og:url\" content=\"https:\/\/www.wiio.io\/es\/politica-de-privacidad\/\" \/>\n<meta property=\"og:site_name\" content=\"Wiio Dropshipping\" \/>\n<meta property=\"article:publisher\" content=\"https:\/\/www.facebook.com\/hellowiiobrazil\/\" \/>\n<meta property=\"article:modified_time\" content=\"2022-05-23T05:46:26+00:00\" \/>\n<meta property=\"og:image\" content=\"https:\/\/www.wiio.io\/wp-content\/uploads\/2023\/12\/330909963_699422205195121_4717725993004402526_n.png\" \/>\n\t<meta property=\"og:image:width\" content=\"1079\" \/>\n\t<meta property=\"og:image:height\" content=\"1079\" \/>\n\t<meta property=\"og:image:type\" content=\"image\/png\" \/>\n<meta name=\"twitter:card\" content=\"summary_large_image\" \/>\n<meta name=\"twitter:label1\" content=\"Tiempo de lectura\" \/>\n\t<meta name=\"twitter:data1\" content=\"9 minutos\" \/>\n<script type=\"application\/ld+json\" class=\"yoast-schema-graph\">{\"@context\":\"https:\/\/schema.org\",\"@graph\":[{\"@type\":\"WebPage\",\"@id\":\"https:\/\/www.wiio.io\/es\/politica-de-privacidad\/\",\"url\":\"https:\/\/www.wiio.io\/es\/politica-de-privacidad\/\",\"name\":\"Pol\u00edtica de privacidad | Wiio Dropshipping\",\"isPartOf\":{\"@id\":\"https:\/\/www.wiio.io\/#website\"},\"datePublished\":\"2022-05-20T08:29:14+00:00\",\"dateModified\":\"2022-05-23T05:46:26+00:00\",\"breadcrumb\":{\"@id\":\"https:\/\/www.wiio.io\/es\/politica-de-privacidad\/#breadcrumb\"},\"inLanguage\":\"es\",\"potentialAction\":[{\"@type\":\"ReadAction\",\"target\":[\"https:\/\/www.wiio.io\/es\/politica-de-privacidad\/\"]}]},{\"@type\":\"BreadcrumbList\",\"@id\":\"https:\/\/www.wiio.io\/es\/politica-de-privacidad\/#breadcrumb\",\"itemListElement\":[{\"@type\":\"ListItem\",\"position\":1,\"name\":\"Home\",\"item\":\"https:\/\/www.wiio.io\/es\/\"},{\"@type\":\"ListItem\",\"position\":2,\"name\":\"Pol\u00edtica de privacidad\"}]},{\"@type\":\"WebSite\",\"@id\":\"https:\/\/www.wiio.io\/#website\",\"url\":\"https:\/\/www.wiio.io\/\",\"name\":\"Wiio Dropshipping\",\"description\":\"A Plataforma de Dropshipping mais Completa!\",\"publisher\":{\"@id\":\"https:\/\/www.wiio.io\/#organization\"},\"alternateName\":\"Wiio_Dropshipping\",\"potentialAction\":[{\"@type\":\"SearchAction\",\"target\":{\"@type\":\"EntryPoint\",\"urlTemplate\":\"https:\/\/www.wiio.io\/?s={search_term_string}\"},\"query-input\":\"required name=search_term_string\"}],\"inLanguage\":\"es\"},{\"@type\":\"Organization\",\"@id\":\"https:\/\/www.wiio.io\/#organization\",\"name\":\"wiio\",\"alternateName\":\"wiio_dropshipping\",\"url\":\"https:\/\/www.wiio.io\/\",\"logo\":{\"@type\":\"ImageObject\",\"inLanguage\":\"es\",\"@id\":\"https:\/\/www.wiio.io\/#\/schema\/logo\/image\/\",\"url\":\"https:\/\/www.wiio.io\/wp-content\/uploads\/2023\/12\/Logo_Wiio_Red.png\",\"contentUrl\":\"https:\/\/www.wiio.io\/wp-content\/uploads\/2023\/12\/Logo_Wiio_Red.png\",\"width\":563,\"height\":424,\"caption\":\"wiio\"},\"image\":{\"@id\":\"https:\/\/www.wiio.io\/#\/schema\/logo\/image\/\"},\"sameAs\":[\"https:\/\/www.facebook.com\/hellowiiobrazil\/\",\"https:\/\/www.instagram.com\/wiio_dropshipping\/\",\"https:\/\/www.linkedin.com\/company\/wiio-official\",\"https:\/\/www.tiktok.com\/@wiiobrazil\",\"https:\/\/www.youtube.com\/channel\/UC6Rx0DtWhrfHqoiCwvZisBg\"]}]}<\/script>\n<!-- \/ Yoast SEO plugin. -->","yoast_head_json":{"title":"Pol\u00edtica de privacidad | Wiio Dropshipping","robots":{"index":"index","follow":"follow","max-snippet":"max-snippet:-1","max-image-preview":"max-image-preview:large","max-video-preview":"max-video-preview:-1"},"canonical":"https:\/\/www.wiio.io\/es\/politica-de-privacidad\/","og_locale":"es_ES","og_type":"article","og_title":"Pol\u00edtica de privacidad | Wiio Dropshipping","og_description":"DECLARACI\u00d3N DE PRIVACIDAD Nos tomamos en serio su privacidad y esta declaraci\u00f3n de privacidad explica c\u00f3mo app.wiio.io (colectivamente, \u00abnosotros\u00bb, \u00abnos\u00bb o \u00abnuestro\u00bb) recopilan, usan, comparten y procesan su informaci\u00f3n. Recopilaci\u00f3n y uso de datos personales Los datos personales son informaci\u00f3n que se puede utilizar para identificar directa o indirectamente. Los datos personales tambi\u00e9n incluyen datos [&hellip;]","og_url":"https:\/\/www.wiio.io\/es\/politica-de-privacidad\/","og_site_name":"Wiio Dropshipping","article_publisher":"https:\/\/www.facebook.com\/hellowiiobrazil\/","article_modified_time":"2022-05-23T05:46:26+00:00","og_image":[{"width":1079,"height":1079,"url":"https:\/\/www.wiio.io\/wp-content\/uploads\/2023\/12\/330909963_699422205195121_4717725993004402526_n.png","type":"image\/png"}],"twitter_card":"summary_large_image","twitter_misc":{"Tiempo de lectura":"9 minutos"},"schema":{"@context":"https:\/\/schema.org","@graph":[{"@type":"WebPage","@id":"https:\/\/www.wiio.io\/es\/politica-de-privacidad\/","url":"https:\/\/www.wiio.io\/es\/politica-de-privacidad\/","name":"Pol\u00edtica de privacidad | Wiio Dropshipping","isPartOf":{"@id":"https:\/\/www.wiio.io\/#website"},"datePublished":"2022-05-20T08:29:14+00:00","dateModified":"2022-05-23T05:46:26+00:00","breadcrumb":{"@id":"https:\/\/www.wiio.io\/es\/politica-de-privacidad\/#breadcrumb"},"inLanguage":"es","potentialAction":[{"@type":"ReadAction","target":["https:\/\/www.wiio.io\/es\/politica-de-privacidad\/"]}]},{"@type":"BreadcrumbList","@id":"https:\/\/www.wiio.io\/es\/politica-de-privacidad\/#breadcrumb","itemListElement":[{"@type":"ListItem","position":1,"name":"Home","item":"https:\/\/www.wiio.io\/es\/"},{"@type":"ListItem","position":2,"name":"Pol\u00edtica de privacidad"}]},{"@type":"WebSite","@id":"https:\/\/www.wiio.io\/#website","url":"https:\/\/www.wiio.io\/","name":"Wiio Dropshipping","description":"A Plataforma de Dropshipping mais Completa!","publisher":{"@id":"https:\/\/www.wiio.io\/#organization"},"alternateName":"Wiio_Dropshipping","potentialAction":[{"@type":"SearchAction","target":{"@type":"EntryPoint","urlTemplate":"https:\/\/www.wiio.io\/?s={search_term_string}"},"query-input":"required name=search_term_string"}],"inLanguage":"es"},{"@type":"Organization","@id":"https:\/\/www.wiio.io\/#organization","name":"wiio","alternateName":"wiio_dropshipping","url":"https:\/\/www.wiio.io\/","logo":{"@type":"ImageObject","inLanguage":"es","@id":"https:\/\/www.wiio.io\/#\/schema\/logo\/image\/","url":"https:\/\/www.wiio.io\/wp-content\/uploads\/2023\/12\/Logo_Wiio_Red.png","contentUrl":"https:\/\/www.wiio.io\/wp-content\/uploads\/2023\/12\/Logo_Wiio_Red.png","width":563,"height":424,"caption":"wiio"},"image":{"@id":"https:\/\/www.wiio.io\/#\/schema\/logo\/image\/"},"sameAs":["https:\/\/www.facebook.com\/hellowiiobrazil\/","https:\/\/www.instagram.com\/wiio_dropshipping\/","https:\/\/www.linkedin.com\/company\/wiio-official","https:\/\/www.tiktok.com\/@wiiobrazil","https:\/\/www.youtube.com\/channel\/UC6Rx0DtWhrfHqoiCwvZisBg"]}]}},"post_mailing_queue_ids":[],"_links":{"self":[{"href":"https:\/\/www.wiio.io\/es\/wp-json\/wp\/v2\/pages\/5062","targetHints":{"allow":["GET"]}}],"collection":[{"href":"https:\/\/www.wiio.io\/es\/wp-json\/wp\/v2\/pages"}],"about":[{"href":"https:\/\/www.wiio.io\/es\/wp-json\/wp\/v2\/types\/page"}],"author":[{"embeddable":true,"href":"https:\/\/www.wiio.io\/es\/wp-json\/wp\/v2\/users\/1"}],"replies":[{"embeddable":true,"href":"https:\/\/www.wiio.io\/es\/wp-json\/wp\/v2\/comments?post=5062"}],"version-history":[{"count":2,"href":"https:\/\/www.wiio.io\/es\/wp-json\/wp\/v2\/pages\/5062\/revisions"}],"predecessor-version":[{"id":5372,"href":"https:\/\/www.wiio.io\/es\/wp-json\/wp\/v2\/pages\/5062\/revisions\/5372"}],"wp:attachment":[{"href":"https:\/\/www.wiio.io\/es\/wp-json\/wp\/v2\/media?parent=5062"}],"curies":[{"name":"wp","href":"https:\/\/api.w.org\/{rel}","templated":true}]}}